{"id":858,"date":"2020-03-19T12:45:10","date_gmt":"2020-03-19T12:45:10","guid":{"rendered":"https:\/\/caster.caliberthemes.com\/staging-creative-portfolio-light\/?page_id=160"},"modified":"2024-07-26T09:14:49","modified_gmt":"2024-07-26T09:14:49","slug":"contact","status":"publish","type":"page","link":"https:\/\/www.marzenakolarz.com\/Blog\/contact\/","title":{"rendered":"kontakt"},"content":{"rendered":"\n<div style=\"height:40px\" aria-hidden=\"true\" class=\"wp-block-spacer\"><\/div>\n\n\n<h1>Zapraszam do wsp\u00f3\u0142pracy!<br \/>Je\u015bli jeste\u015b zainteresowany zakupem fotografii kolekcjonerskiej, albumu z moimi fotografiami, realizacj\u0105 sesji, organizacj\u0105 warsztat\u00f3w czy te\u017c prezentacj\u0105 \/ publikacj\u0105 moich prac &#8211; napisz!<\/h1>\n<p><\/p>\n<p><\/p>\n<h1><\/h1>\n<p><!-- \/wp:spacer --><\/p>\n<p><!-- wp:spacer {\"height\":\"40px\"} --><\/p>\n<form action=\"\/Blog\/wp-admin\/admin-ajax.php#wpcf7-f867-o1\" method=\"post\" novalidate=\"novalidate\" data-status=\"init\"><input name=\"_wpcf7_posted_data_hash\" type=\"hidden\" value=\"\" \/><\/form>\n\n<!-- wp:spacer -->\n<div style=\"height:100px\" aria-hidden=\"true\" class=\"wp-block-spacer\"><\/div>\n<!-- \/wp:spacer -->\n\n<!-- wp:contact-form-7\/contact-form-selector {\"id\":867,\"title\":\"Caster Contact Form\"} -->\n<div class=\"wp-block-contact-form-7-contact-form-selector\"><div role=\"form\" class=\"wpcf7\" id=\"wpcf7-f867-o1\" lang=\"en-US\" dir=\"ltr\">\n<div class=\"screen-reader-response\"><p role=\"status\" aria-live=\"polite\" aria-atomic=\"true\"><\/p> <ul><\/ul><\/div>\n<form action=\"\/Blog\/wp-json\/wp\/v2\/pages\/858#wpcf7-f867-o1\" method=\"post\" class=\"wpcf7-form init\" novalidate=\"novalidate\" data-status=\"init\">\n<div style=\"display: none;\">\n<input type=\"hidden\" name=\"_wpcf7\" value=\"867\" \/>\n<input type=\"hidden\" name=\"_wpcf7_version\" value=\"5.4\" \/>\n<input type=\"hidden\" name=\"_wpcf7_locale\" value=\"en_US\" \/>\n<input type=\"hidden\" name=\"_wpcf7_unit_tag\" value=\"wpcf7-f867-o1\" \/>\n<input type=\"hidden\" name=\"_wpcf7_container_post\" value=\"0\" \/>\n<input type=\"hidden\" name=\"_wpcf7_posted_data_hash\" value=\"\" \/>\n<\/div>\n<p><span class=\"wpcf7-form-control-wrap your-name\"><input type=\"text\" name=\"your-name\" value=\"\" size=\"40\" class=\"wpcf7-form-control wpcf7-text wpcf7-validates-as-required\" aria-required=\"true\" aria-invalid=\"false\" placeholder=\"Twoj\u0119 imi\u0119\" \/><\/span> <span class=\"wpcf7-form-control-wrap your-email\"><input type=\"email\" name=\"your-email\" value=\"\" size=\"40\" class=\"wpcf7-form-control wpcf7-text wpcf7-email wpcf7-validates-as-required wpcf7-validates-as-email\" aria-required=\"true\" aria-invalid=\"false\" placeholder=\"Tw\u00f3j mail\" \/><\/span> <span class=\"wpcf7-form-control-wrap your-subject\"><input type=\"text\" name=\"your-subject\" value=\"\" size=\"40\" class=\"wpcf7-form-control wpcf7-text\" aria-invalid=\"false\" placeholder=\"Temat\" \/><\/span> <span class=\"wpcf7-form-control-wrap your-message\"><textarea name=\"your-message\" cols=\"40\" rows=\"10\" class=\"wpcf7-form-control wpcf7-textarea\" aria-invalid=\"false\" placeholder=\"Twoja wiadomo\u015b\u0107\"><\/textarea><\/span> <input type=\"submit\" value=\"Wy\u015blij\" class=\"wpcf7-form-control wpcf7-submit\" \/><\/p>\n<div class=\"wpcf7-response-output\" aria-hidden=\"true\"><\/div><\/form><\/div><\/div>\n<!-- \/wp:contact-form-7\/contact-form-selector -->","protected":false},"excerpt":{"rendered":"<p>Zapraszam do wsp\u00f3\u0142pracy!Je\u015bli jeste\u015b zainteresowany zakupem fotografii kolekcjonerskiej, albumu z moimi fotografiami, realizacj\u0105 sesji, organizacj\u0105 warsztat\u00f3w czy te\u017c prezentacj\u0105 \/ publikacj\u0105 moich prac &#8211; napisz!<\/p>\n","protected":false},"author":1,"featured_media":0,"parent":0,"menu_order":0,"comment_status":"closed","ping_status":"closed","template":"","meta":{"footnotes":""},"class_list":["post-858","page","type-page","status-publish","hentry"],"_links":{"self":[{"href":"https:\/\/www.marzenakolarz.com\/Blog\/wp-json\/wp\/v2\/pages\/858"}],"collection":[{"href":"https:\/\/www.marzenakolarz.com\/Blog\/wp-json\/wp\/v2\/pages"}],"about":[{"href":"https:\/\/www.marzenakolarz.com\/Blog\/wp-json\/wp\/v2\/types\/page"}],"author":[{"embeddable":true,"href":"https:\/\/www.marzenakolarz.com\/Blog\/wp-json\/wp\/v2\/users\/1"}],"replies":[{"embeddable":true,"href":"https:\/\/www.marzenakolarz.com\/Blog\/wp-json\/wp\/v2\/comments?post=858"}],"version-history":[{"count":43,"href":"https:\/\/www.marzenakolarz.com\/Blog\/wp-json\/wp\/v2\/pages\/858\/revisions"}],"predecessor-version":[{"id":1862,"href":"https:\/\/www.marzenakolarz.com\/Blog\/wp-json\/wp\/v2\/pages\/858\/revisions\/1862"}],"wp:attachment":[{"href":"https:\/\/www.marzenakolarz.com\/Blog\/wp-json\/wp\/v2\/media?parent=858"}],"curies":[{"name":"wp","href":"https:\/\/api.w.org\/{rel}","templated":true}]}}