{"id":1565,"date":"2023-10-15T08:21:34","date_gmt":"2023-10-15T08:21:34","guid":{"rendered":"https:\/\/www.marzenakolarz.com\/Blog\/?page_id=1565"},"modified":"2024-07-26T21:27:54","modified_gmt":"2024-07-26T21:27:54","slug":"portfolio","status":"publish","type":"page","link":"https:\/\/www.marzenakolarz.com\/Blog\/portfolio\/","title":{"rendered":"portfolio"},"content":{"rendered":"\n<div style=\"height:40px\" aria-hidden=\"true\" class=\"wp-block-spacer\"><\/div>\n\n\n\n<div class=\"wp-block-group\"><div class=\"wp-block-group__inner-container is-layout-constrained wp-block-group-is-layout-constrained\">\n<div class=\"wp-block-columns is-layout-flex wp-container-core-columns-is-layout-1 wp-block-columns-is-layout-flex\">\n<div class=\"wp-block-column has-black-color has-text-color has-link-color has-small-font-size wp-elements-a02c544551d2f34518f5bc8ca7dcf61d is-layout-flow wp-block-column-is-layout-flow\"><div class=\"wp-classic-menu-block \"><ul id=\"menu-kategorie\" class=\"menu\"><li id=\"menu-item-1650\" class=\"menu-item menu-item-type-taxonomy menu-item-object-portfolio_category menu-item-1650\"><a href=\"https:\/\/www.marzenakolarz.com\/Blog\/portfolio-category\/czarno-biale\/\">czarno-bia\u0142e<\/a><\/li>\n<li id=\"menu-item-1651\" class=\"menu-item menu-item-type-taxonomy menu-item-object-portfolio_category menu-item-1651\"><a href=\"https:\/\/www.marzenakolarz.com\/Blog\/portfolio-category\/kolor\/\">kolor<\/a><\/li>\n<li id=\"menu-item-1652\" class=\"menu-item menu-item-type-taxonomy menu-item-object-portfolio_category menu-item-1652\"><a href=\"https:\/\/www.marzenakolarz.com\/Blog\/portfolio-category\/moda\/\">moda<\/a><\/li>\n<li id=\"menu-item-1653\" class=\"menu-item menu-item-type-taxonomy menu-item-object-portfolio_category menu-item-1653\"><a href=\"https:\/\/www.marzenakolarz.com\/Blog\/portfolio-category\/otworkowa\/\">otworkowa<\/a><\/li>\n<li id=\"menu-item-1654\" class=\"menu-item menu-item-type-taxonomy menu-item-object-portfolio_category menu-item-1654\"><a href=\"https:\/\/www.marzenakolarz.com\/Blog\/portfolio-category\/autobiografia\/\">autobiografia<\/a><\/li>\n<li id=\"menu-item-1655\" class=\"menu-item menu-item-type-taxonomy menu-item-object-portfolio_category menu-item-1655\"><a href=\"https:\/\/www.marzenakolarz.com\/Blog\/portfolio-category\/martwa-natura\/\">martwa natura<\/a><\/li>\n<li id=\"menu-item-1656\" class=\"menu-item menu-item-type-taxonomy menu-item-object-portfolio_category menu-item-1656\"><a href=\"https:\/\/www.marzenakolarz.com\/Blog\/portfolio-category\/portret\/\">portret<\/a><\/li>\n<li id=\"menu-item-1657\" class=\"menu-item menu-item-type-taxonomy menu-item-object-portfolio_category menu-item-1657\"><a href=\"https:\/\/www.marzenakolarz.com\/Blog\/portfolio-category\/polaroid\/\">polaroid<\/a><\/li>\n<li id=\"menu-item-1658\" class=\"menu-item menu-item-type-taxonomy menu-item-object-portfolio_category menu-item-1658\"><a href=\"https:\/\/www.marzenakolarz.com\/Blog\/portfolio-category\/wielki-format\/\">wielki format<\/a><\/li>\n<li id=\"menu-item-1659\" class=\"menu-item menu-item-type-taxonomy menu-item-object-portfolio_category menu-item-1659\"><a href=\"https:\/\/www.marzenakolarz.com\/Blog\/portfolio-category\/mokry-kolodion\/\">mokry kolodion<\/a><\/li>\n<\/ul><\/div>\n\n\n<hr class=\"wp-block-separator has-alpha-channel-opacity is-style-wide\"\/>\n<\/div>\n<\/div>\n<\/div><\/div>\n\n\n\n<div class=\"wp-block-columns is-layout-flex wp-container-core-columns-is-layout-2 wp-block-columns-is-layout-flex\">\n<div class=\"wp-block-column is-layout-flow wp-block-column-is-layout-flow\">\n<figure class=\"wp-block-image size-large\"><a href=\"https:\/\/www.marzenakolarz.com\/Blog\/portfolio-item\/destrukcja\/\"><img loading=\"lazy\" decoding=\"async\" width=\"1024\" height=\"1024\" src=\"https:\/\/www.marzenakolarz.com\/Blog\/wp-content\/uploads\/2021\/04\/destrukcja-4-kopia-1024x1024.jpg\" alt=\"\" class=\"wp-image-1516\" style=\"aspect-ratio:1;object-fit:cover\" srcset=\"https:\/\/www.marzenakolarz.com\/Blog\/wp-content\/uploads\/2021\/04\/destrukcja-4-kopia-1024x1024.jpg 1024w, https:\/\/www.marzenakolarz.com\/Blog\/wp-content\/uploads\/2021\/04\/destrukcja-4-kopia-300x300.jpg 300w, https:\/\/www.marzenakolarz.com\/Blog\/wp-content\/uploads\/2021\/04\/destrukcja-4-kopia-150x150.jpg 150w, https:\/\/www.marzenakolarz.com\/Blog\/wp-content\/uploads\/2021\/04\/destrukcja-4-kopia-768x768.jpg 768w, https:\/\/www.marzenakolarz.com\/Blog\/wp-content\/uploads\/2021\/04\/destrukcja-4-kopia-1536x1536.jpg 1536w, https:\/\/www.marzenakolarz.com\/Blog\/wp-content\/uploads\/2021\/04\/destrukcja-4-kopia-2048x2048.jpg 2048w, https:\/\/www.marzenakolarz.com\/Blog\/wp-content\/uploads\/2021\/04\/destrukcja-4-kopia-600x600.jpg 600w\" sizes=\"(max-width: 1024px) 100vw, 1024px\" \/><\/a><\/figure>\n\n\n\n<p class=\"has-text-align-center\"><a href=\"https:\/\/www.marzenakolarz.com\/Blog\/portfolio-item\/destrukcja\/\">Destrukcja<\/a><\/p>\n\n\n\n<figure class=\"wp-block-image size-full\"><a href=\"https:\/\/www.marzenakolarz.com\/Blog\/portfolio-item\/ku-dzieciectwu\/\"><img loading=\"lazy\" decoding=\"async\" width=\"770\" height=\"770\" src=\"https:\/\/www.marzenakolarz.com\/Blog\/wp-content\/uploads\/2021\/03\/marzenakolarz-kudzieciectwu-1-1.jpg\" alt=\"\" class=\"wp-image-1442\" style=\"aspect-ratio:1;object-fit:cover\" srcset=\"https:\/\/www.marzenakolarz.com\/Blog\/wp-content\/uploads\/2021\/03\/marzenakolarz-kudzieciectwu-1-1.jpg 770w, https:\/\/www.marzenakolarz.com\/Blog\/wp-content\/uploads\/2021\/03\/marzenakolarz-kudzieciectwu-1-1-300x300.jpg 300w, https:\/\/www.marzenakolarz.com\/Blog\/wp-content\/uploads\/2021\/03\/marzenakolarz-kudzieciectwu-1-1-150x150.jpg 150w, https:\/\/www.marzenakolarz.com\/Blog\/wp-content\/uploads\/2021\/03\/marzenakolarz-kudzieciectwu-1-1-768x768.jpg 768w, https:\/\/www.marzenakolarz.com\/Blog\/wp-content\/uploads\/2021\/03\/marzenakolarz-kudzieciectwu-1-1-600x600.jpg 600w\" sizes=\"(max-width: 770px) 100vw, 770px\" \/><\/a><\/figure>\n\n\n\n<p class=\"has-text-align-center\"><a href=\"https:\/\/www.marzenakolarz.com\/Blog\/portfolio-item\/ku-dzieciectwu\/\">ku dzieci\u0119ctwu&#8230;<\/a><\/p>\n\n\n\n<figure class=\"wp-block-image size-full\"><a href=\"https:\/\/www.marzenakolarz.com\/Blog\/portfolio-item\/lacrimosa\/\"><img loading=\"lazy\" decoding=\"async\" width=\"707\" height=\"707\" src=\"https:\/\/www.marzenakolarz.com\/Blog\/wp-content\/uploads\/2021\/03\/sylwia-magda-1-1.jpg\" alt=\"\" class=\"wp-image-1437\" style=\"aspect-ratio:1;object-fit:cover\" srcset=\"https:\/\/www.marzenakolarz.com\/Blog\/wp-content\/uploads\/2021\/03\/sylwia-magda-1-1.jpg 707w, https:\/\/www.marzenakolarz.com\/Blog\/wp-content\/uploads\/2021\/03\/sylwia-magda-1-1-300x300.jpg 300w, https:\/\/www.marzenakolarz.com\/Blog\/wp-content\/uploads\/2021\/03\/sylwia-magda-1-1-150x150.jpg 150w, https:\/\/www.marzenakolarz.com\/Blog\/wp-content\/uploads\/2021\/03\/sylwia-magda-1-1-600x600.jpg 600w\" sizes=\"(max-width: 707px) 100vw, 707px\" \/><\/a><\/figure>\n\n\n\n<p class=\"has-text-align-center\"><a href=\"https:\/\/www.marzenakolarz.com\/Blog\/portfolio-item\/lacrimosa\/\">Lacrimosa<\/a><\/p>\n\n\n\n<figure class=\"wp-block-image size-full\"><a href=\"https:\/\/www.marzenakolarz.com\/Blog\/portfolio-item\/basniarka\/\"><img loading=\"lazy\" decoding=\"async\" width=\"740\" height=\"740\" src=\"https:\/\/www.marzenakolarz.com\/Blog\/wp-content\/uploads\/2021\/03\/marzenakolarz_basniarka_-3-kopia.jpg\" alt=\"\" class=\"wp-image-1457\" style=\"aspect-ratio:1;object-fit:cover\" srcset=\"https:\/\/www.marzenakolarz.com\/Blog\/wp-content\/uploads\/2021\/03\/marzenakolarz_basniarka_-3-kopia.jpg 740w, https:\/\/www.marzenakolarz.com\/Blog\/wp-content\/uploads\/2021\/03\/marzenakolarz_basniarka_-3-kopia-300x300.jpg 300w, https:\/\/www.marzenakolarz.com\/Blog\/wp-content\/uploads\/2021\/03\/marzenakolarz_basniarka_-3-kopia-150x150.jpg 150w, https:\/\/www.marzenakolarz.com\/Blog\/wp-content\/uploads\/2021\/03\/marzenakolarz_basniarka_-3-kopia-600x600.jpg 600w\" sizes=\"(max-width: 740px) 100vw, 740px\" \/><\/a><\/figure>\n\n\n\n<p class=\"has-text-align-center\"><a href=\"https:\/\/www.marzenakolarz.com\/Blog\/portfolio-item\/basniarka\/\">ba\u015bniarka<\/a><\/p>\n\n\n\n<figure class=\"wp-block-image size-full\"><a href=\"https:\/\/www.marzenakolarz.com\/Blog\/portfolio-item\/krajobrazy-wysnione\/\"><img loading=\"lazy\" decoding=\"async\" width=\"846\" height=\"846\" src=\"https:\/\/www.marzenakolarz.com\/Blog\/wp-content\/uploads\/2021\/10\/okl.jpg\" alt=\"\" class=\"wp-image-1550\" style=\"aspect-ratio:1;object-fit:cover\" srcset=\"https:\/\/www.marzenakolarz.com\/Blog\/wp-content\/uploads\/2021\/10\/okl.jpg 846w, https:\/\/www.marzenakolarz.com\/Blog\/wp-content\/uploads\/2021\/10\/okl-300x300.jpg 300w, https:\/\/www.marzenakolarz.com\/Blog\/wp-content\/uploads\/2021\/10\/okl-150x150.jpg 150w, https:\/\/www.marzenakolarz.com\/Blog\/wp-content\/uploads\/2021\/10\/okl-768x768.jpg 768w, https:\/\/www.marzenakolarz.com\/Blog\/wp-content\/uploads\/2021\/10\/okl-600x600.jpg 600w\" sizes=\"(max-width: 846px) 100vw, 846px\" \/><\/a><\/figure>\n\n\n\n<p class=\"has-text-align-center\"><a href=\"https:\/\/www.marzenakolarz.com\/Blog\/portfolio-item\/krajobrazy-wysnione\/\">krajobrazy wy\u015bnione<\/a><\/p>\n\n\n\n<p><\/p>\n<\/div>\n\n\n\n<div class=\"wp-block-column is-layout-flow wp-block-column-is-layout-flow\">\n<figure class=\"wp-block-image size-full\"><a href=\"marzenakolarz.com\/Blog\/portfolio-item\/white-monarchy\/\"><img loading=\"lazy\" decoding=\"async\" width=\"733\" height=\"733\" src=\"https:\/\/www.marzenakolarz.com\/Blog\/wp-content\/uploads\/2021\/03\/aniaok-sasza-bartek-magda-6-1.jpg\" alt=\"\" class=\"wp-image-1438\" style=\"aspect-ratio:1;object-fit:cover\" srcset=\"https:\/\/www.marzenakolarz.com\/Blog\/wp-content\/uploads\/2021\/03\/aniaok-sasza-bartek-magda-6-1.jpg 733w, https:\/\/www.marzenakolarz.com\/Blog\/wp-content\/uploads\/2021\/03\/aniaok-sasza-bartek-magda-6-1-300x300.jpg 300w, https:\/\/www.marzenakolarz.com\/Blog\/wp-content\/uploads\/2021\/03\/aniaok-sasza-bartek-magda-6-1-150x150.jpg 150w, https:\/\/www.marzenakolarz.com\/Blog\/wp-content\/uploads\/2021\/03\/aniaok-sasza-bartek-magda-6-1-600x600.jpg 600w\" sizes=\"(max-width: 733px) 100vw, 733px\" \/><\/a><\/figure>\n\n\n\n<p class=\"has-text-align-center\"><a href=\"https:\/\/www.marzenakolarz.com\/Blog\/wp-admin\/marzenakolarz.com\/Blog\/portfolio-item\/white-monarchy\/\">White Monarchy<\/a><\/p>\n\n\n\n<figure class=\"wp-block-image size-full\"><a href=\"https:\/\/www.marzenakolarz.com\/Blog\/portfolio-item\/maski\/\"><img loading=\"lazy\" decoding=\"async\" width=\"600\" height=\"600\" src=\"https:\/\/www.marzenakolarz.com\/Blog\/wp-content\/uploads\/2021\/03\/marzenakolarzmaski-3-1.jpg\" alt=\"\" class=\"wp-image-1441\" style=\"aspect-ratio:1;object-fit:cover\" srcset=\"https:\/\/www.marzenakolarz.com\/Blog\/wp-content\/uploads\/2021\/03\/marzenakolarzmaski-3-1.jpg 600w, https:\/\/www.marzenakolarz.com\/Blog\/wp-content\/uploads\/2021\/03\/marzenakolarzmaski-3-1-300x300.jpg 300w, https:\/\/www.marzenakolarz.com\/Blog\/wp-content\/uploads\/2021\/03\/marzenakolarzmaski-3-1-150x150.jpg 150w\" sizes=\"(max-width: 600px) 100vw, 600px\" \/><\/a><\/figure>\n\n\n\n<p class=\"has-text-align-center\"><a href=\"https:\/\/www.marzenakolarz.com\/Blog\/portfolio-item\/maski\/\">MASKI<\/a><\/p>\n\n\n\n<figure class=\"wp-block-image size-full\"><a href=\"https:\/\/www.marzenakolarz.com\/Blog\/portfolio-item\/kropki-linie\/\"><img loading=\"lazy\" decoding=\"async\" width=\"750\" height=\"750\" src=\"https:\/\/www.marzenakolarz.com\/Blog\/wp-content\/uploads\/2021\/03\/ania-saszka-magda-maja-2-1.jpg\" alt=\"\" class=\"wp-image-1436\" style=\"aspect-ratio:1;object-fit:cover\" srcset=\"https:\/\/www.marzenakolarz.com\/Blog\/wp-content\/uploads\/2021\/03\/ania-saszka-magda-maja-2-1.jpg 750w, https:\/\/www.marzenakolarz.com\/Blog\/wp-content\/uploads\/2021\/03\/ania-saszka-magda-maja-2-1-300x300.jpg 300w, https:\/\/www.marzenakolarz.com\/Blog\/wp-content\/uploads\/2021\/03\/ania-saszka-magda-maja-2-1-150x150.jpg 150w, https:\/\/www.marzenakolarz.com\/Blog\/wp-content\/uploads\/2021\/03\/ania-saszka-magda-maja-2-1-600x600.jpg 600w\" sizes=\"(max-width: 750px) 100vw, 750px\" \/><\/a><\/figure>\n\n\n\n<p class=\"has-text-align-center\"><a href=\"https:\/\/www.marzenakolarz.com\/Blog\/portfolio-item\/kropki-linie\/\">Kropki\/linie.<\/a><\/p>\n\n\n\n<figure class=\"wp-block-image size-full\"><a href=\"https:\/\/www.marzenakolarz.com\/Blog\/portfolio-item\/rozalka-ma-bialaczke\/\"><img loading=\"lazy\" decoding=\"async\" width=\"1000\" height=\"1000\" src=\"https:\/\/www.marzenakolarz.com\/Blog\/wp-content\/uploads\/2021\/03\/rmbmarzenakolarz-14.jpg\" alt=\"\" class=\"wp-image-1206\" style=\"aspect-ratio:1;object-fit:cover\" srcset=\"https:\/\/www.marzenakolarz.com\/Blog\/wp-content\/uploads\/2021\/03\/rmbmarzenakolarz-14.jpg 1000w, https:\/\/www.marzenakolarz.com\/Blog\/wp-content\/uploads\/2021\/03\/rmbmarzenakolarz-14-300x300.jpg 300w, https:\/\/www.marzenakolarz.com\/Blog\/wp-content\/uploads\/2021\/03\/rmbmarzenakolarz-14-150x150.jpg 150w, https:\/\/www.marzenakolarz.com\/Blog\/wp-content\/uploads\/2021\/03\/rmbmarzenakolarz-14-768x768.jpg 768w, https:\/\/www.marzenakolarz.com\/Blog\/wp-content\/uploads\/2021\/03\/rmbmarzenakolarz-14-600x600.jpg 600w\" sizes=\"(max-width: 1000px) 100vw, 1000px\" \/><\/a><\/figure>\n\n\n\n<p class=\"has-text-align-center\"><a href=\"https:\/\/www.marzenakolarz.com\/Blog\/portfolio-item\/rozalka-ma-bialaczke\/\">Rozalka ma bia\u0142aczk\u0119<\/a><\/p>\n\n\n\n<p><\/p>\n<\/div>\n\n\n\n<div class=\"wp-block-column is-layout-flow wp-block-column-is-layout-flow\">\n<figure class=\"wp-block-image size-full\"><a href=\"https:\/\/www.marzenakolarz.com\/Blog\/portfolio-item\/o-kolo-swiaty\/\"><img loading=\"lazy\" decoding=\"async\" width=\"1000\" height=\"1000\" src=\"https:\/\/www.marzenakolarz.com\/Blog\/wp-content\/uploads\/2021\/03\/okoloswiatymarzenakolarz-7-1.jpg\" alt=\"\" class=\"wp-image-1432\" style=\"aspect-ratio:1;object-fit:cover\" srcset=\"https:\/\/www.marzenakolarz.com\/Blog\/wp-content\/uploads\/2021\/03\/okoloswiatymarzenakolarz-7-1.jpg 1000w, https:\/\/www.marzenakolarz.com\/Blog\/wp-content\/uploads\/2021\/03\/okoloswiatymarzenakolarz-7-1-300x300.jpg 300w, https:\/\/www.marzenakolarz.com\/Blog\/wp-content\/uploads\/2021\/03\/okoloswiatymarzenakolarz-7-1-150x150.jpg 150w, https:\/\/www.marzenakolarz.com\/Blog\/wp-content\/uploads\/2021\/03\/okoloswiatymarzenakolarz-7-1-768x768.jpg 768w, https:\/\/www.marzenakolarz.com\/Blog\/wp-content\/uploads\/2021\/03\/okoloswiatymarzenakolarz-7-1-600x600.jpg 600w\" sizes=\"(max-width: 1000px) 100vw, 1000px\" \/><\/a><\/figure>\n\n\n\n<p class=\"has-text-align-center\"><a href=\"https:\/\/www.marzenakolarz.com\/Blog\/portfolio-item\/o-kolo-swiaty\/\">o-ko\u0142o-\u015bwiaty<\/a><\/p>\n\n\n\n<figure class=\"wp-block-image size-full\"><a href=\"https:\/\/www.marzenakolarz.com\/Blog\/portfolio-item\/moje-pierwsze-fotografie-otworkowe\/\"><img loading=\"lazy\" decoding=\"async\" width=\"380\" height=\"380\" src=\"https:\/\/www.marzenakolarz.com\/Blog\/wp-content\/uploads\/2021\/03\/okl-1.jpg\" alt=\"\" class=\"wp-image-1439\" style=\"aspect-ratio:1;object-fit:cover\" srcset=\"https:\/\/www.marzenakolarz.com\/Blog\/wp-content\/uploads\/2021\/03\/okl-1.jpg 380w, https:\/\/www.marzenakolarz.com\/Blog\/wp-content\/uploads\/2021\/03\/okl-1-300x300.jpg 300w, https:\/\/www.marzenakolarz.com\/Blog\/wp-content\/uploads\/2021\/03\/okl-1-150x150.jpg 150w\" sizes=\"(max-width: 380px) 100vw, 380px\" \/><\/a><\/figure>\n\n\n\n<p class=\"has-text-align-center\"><a href=\"https:\/\/www.marzenakolarz.com\/Blog\/portfolio-item\/moje-pierwsze-fotografie-otworkowe\/\">moje pierwsze fotografie otworkowe<\/a><\/p>\n\n\n\n<figure class=\"wp-block-image size-large\"><a href=\"https:\/\/www.marzenakolarz.com\/Blog\/portfolio-item\/fazarem\/\"><img loading=\"lazy\" decoding=\"async\" width=\"1024\" height=\"1024\" src=\"https:\/\/www.marzenakolarz.com\/Blog\/wp-content\/uploads\/2021\/03\/malgosia-foltyn-14-1024x1024.jpg\" alt=\"\" class=\"wp-image-1384\" style=\"aspect-ratio:1;object-fit:cover\" srcset=\"https:\/\/www.marzenakolarz.com\/Blog\/wp-content\/uploads\/2021\/03\/malgosia-foltyn-14-1024x1024.jpg 1024w, https:\/\/www.marzenakolarz.com\/Blog\/wp-content\/uploads\/2021\/03\/malgosia-foltyn-14-300x300.jpg 300w, https:\/\/www.marzenakolarz.com\/Blog\/wp-content\/uploads\/2021\/03\/malgosia-foltyn-14-150x150.jpg 150w, https:\/\/www.marzenakolarz.com\/Blog\/wp-content\/uploads\/2021\/03\/malgosia-foltyn-14-768x768.jpg 768w, https:\/\/www.marzenakolarz.com\/Blog\/wp-content\/uploads\/2021\/03\/malgosia-foltyn-14-600x600.jpg 600w, https:\/\/www.marzenakolarz.com\/Blog\/wp-content\/uploads\/2021\/03\/malgosia-foltyn-14.jpg 1500w\" sizes=\"(max-width: 1024px) 100vw, 1024px\" \/><\/a><\/figure>\n\n\n\n<p class=\"has-text-align-center\"><a href=\"https:\/\/www.marzenakolarz.com\/Blog\/portfolio-item\/fazarem\/\">FazaRem<\/a><\/p>\n\n\n\n<figure class=\"wp-block-image size-full\"><a href=\"https:\/\/www.marzenakolarz.com\/Blog\/portfolio-item\/all-2\/\"><img loading=\"lazy\" decoding=\"async\" width=\"740\" height=\"740\" src=\"https:\/\/www.marzenakolarz.com\/Blog\/wp-content\/uploads\/2021\/03\/all-marzenakolarz-7-1.jpg\" alt=\"\" class=\"wp-image-1433\" style=\"aspect-ratio:1;object-fit:cover\" srcset=\"https:\/\/www.marzenakolarz.com\/Blog\/wp-content\/uploads\/2021\/03\/all-marzenakolarz-7-1.jpg 740w, https:\/\/www.marzenakolarz.com\/Blog\/wp-content\/uploads\/2021\/03\/all-marzenakolarz-7-1-300x300.jpg 300w, https:\/\/www.marzenakolarz.com\/Blog\/wp-content\/uploads\/2021\/03\/all-marzenakolarz-7-1-150x150.jpg 150w, https:\/\/www.marzenakolarz.com\/Blog\/wp-content\/uploads\/2021\/03\/all-marzenakolarz-7-1-600x600.jpg 600w\" sizes=\"(max-width: 740px) 100vw, 740px\" \/><\/a><\/figure>\n\n\n\n<p class=\"has-text-align-center\"><a href=\"https:\/\/www.marzenakolarz.com\/Blog\/portfolio-item\/all-2\/\">ALL<\/a><\/p>\n\n\n\n<p><\/p>\n\n\n\n<p><\/p>\n<\/div>\n<\/div>\n","protected":false},"excerpt":{"rendered":"<p>Destrukcja ku dzieci\u0119ctwu&#8230; Lacrimosa ba\u015bniarka krajobrazy wy\u015bnione White Monarchy MASKI Kropki\/linie. Rozalka ma bia\u0142aczk\u0119 o-ko\u0142o-\u015bwiaty moje pierwsze fotografie otworkowe FazaRem ALL<\/p>\n","protected":false},"author":1,"featured_media":0,"parent":0,"menu_order":0,"comment_status":"closed","ping_status":"closed","template":"","meta":{"footnotes":""},"class_list":["post-1565","page","type-page","status-publish","hentry"],"_links":{"self":[{"href":"https:\/\/www.marzenakolarz.com\/Blog\/wp-json\/wp\/v2\/pages\/1565"}],"collection":[{"href":"https:\/\/www.marzenakolarz.com\/Blog\/wp-json\/wp\/v2\/pages"}],"about":[{"href":"https:\/\/www.marzenakolarz.com\/Blog\/wp-json\/wp\/v2\/types\/page"}],"author":[{"embeddable":true,"href":"https:\/\/www.marzenakolarz.com\/Blog\/wp-json\/wp\/v2\/users\/1"}],"replies":[{"embeddable":true,"href":"https:\/\/www.marzenakolarz.com\/Blog\/wp-json\/wp\/v2\/comments?post=1565"}],"version-history":[{"count":63,"href":"https:\/\/www.marzenakolarz.com\/Blog\/wp-json\/wp\/v2\/pages\/1565\/revisions"}],"predecessor-version":[{"id":1900,"href":"https:\/\/www.marzenakolarz.com\/Blog\/wp-json\/wp\/v2\/pages\/1565\/revisions\/1900"}],"wp:attachment":[{"href":"https:\/\/www.marzenakolarz.com\/Blog\/wp-json\/wp\/v2\/media?parent=1565"}],"curies":[{"name":"wp","href":"https:\/\/api.w.org\/{rel}","templated":true}]}}